{"id":17,"date":"2011-10-11T17:53:11","date_gmt":"2011-10-11T17:53:11","guid":{"rendered":"http:\/\/slowacki.edu.pl\/jpolski\/?page_id=17"},"modified":"2011-10-31T22:21:49","modified_gmt":"2011-10-31T22:21:49","slug":"nauczyciele","status":"publish","type":"page","link":"https:\/\/polski.slowacki.edu.pl\/?page_id=17","title":{"rendered":"Nauczyciele"},"content":{"rendered":"<p><span style=\"font-family: Verdana,Arial,Helvetica,sans-serif; font-size: small;\"><strong><em>Wspomnienie o p. prof. M. Grzybowskiej, <\/em><\/strong><\/span><\/p>\n<p><span style=\"font-family: Verdana,Arial,Helvetica,sans-serif; font-size: small;\"><strong><em>p. <\/em><em>prof. K. B\u0142aszczyk i p. prof. J. Paprockim<\/em><\/strong><\/span><\/p>\n<p>Pracownicy Uniwersytetu \u015al\u0105skiego &#8211;<br \/>\nWydzia\u0142u Filologii Polskiej, kt\u00f3rzy uczyli w S\u0142owaku:<\/p>\n<ul>\n<li>\u00a0p. dr R. Pi\u0105tkowa<\/li>\n<li>\u00a0p. prof. J. Zeller<\/li>\n<\/ul>\n<p>&nbsp;<\/p>\n<p style=\"text-align: left;\"><em><strong>Obecni:<\/strong><\/em><\/p>\n<ul>\n<li>mgr Andrzej Kr\u00f3l<\/li>\n<li>mgr Beata Olech-Har\u0119\u017clak<\/li>\n<li>mgr Grzegorz Zarzycki<\/li>\n<li>mgr Jolanta Czeczota<\/li>\n<li>mgr Krystyna Popczyk<\/li>\n<li>\u00a0dr Piotr Bogalecki<\/li>\n<li>\u00a0dr Sabina Ska\u0142ka &#8211; Gawlik<\/li>\n<\/ul>\n","protected":false},"excerpt":{"rendered":"<p>Wspomnienie o p. prof. M. Grzybowskiej, p. prof. K. B\u0142aszczyk i p. prof. J. Paprockim Pracownicy Uniwersytetu \u015al\u0105skiego &#8211; Wydzia\u0142u Filologii Polskiej, kt\u00f3rzy uczyli w S\u0142owaku: \u00a0p. dr R. Pi\u0105tkowa \u00a0p. prof. J. Zeller &nbsp; Obecni: mgr Andrzej Kr\u00f3l mgr Beata Olech-Har\u0119\u017clak mgr Grzegorz Zarzycki mgr Jolanta Czeczota mgr Krystyna Popczyk \u00a0dr Piotr Bogalecki \u00a0dr<a class=\"rmore\" href=\"https:\/\/polski.slowacki.edu.pl\/?page_id=17\">&nbsp;&nbsp; Read More &#8230;<\/a><\/p>\n","protected":false},"author":1,"featured_media":0,"parent":0,"menu_order":11,"comment_status":"open","ping_status":"open","template":"","meta":{"ngg_post_thumbnail":0},"_links":{"self":[{"href":"https:\/\/polski.slowacki.edu.pl\/index.php?rest_route=\/wp\/v2\/pages\/17"}],"collection":[{"href":"https:\/\/polski.slowacki.edu.pl\/index.php?rest_route=\/wp\/v2\/pages"}],"about":[{"href":"https:\/\/polski.slowacki.edu.pl\/index.php?rest_route=\/wp\/v2\/types\/page"}],"author":[{"embeddable":true,"href":"https:\/\/polski.slowacki.edu.pl\/index.php?rest_route=\/wp\/v2\/users\/1"}],"replies":[{"embeddable":true,"href":"https:\/\/polski.slowacki.edu.pl\/index.php?rest_route=%2Fwp%2Fv2%2Fcomments&post=17"}],"version-history":[{"count":10,"href":"https:\/\/polski.slowacki.edu.pl\/index.php?rest_route=\/wp\/v2\/pages\/17\/revisions"}],"predecessor-version":[{"id":20,"href":"https:\/\/polski.slowacki.edu.pl\/index.php?rest_route=\/wp\/v2\/pages\/17\/revisions\/20"}],"wp:attachment":[{"href":"https:\/\/polski.slowacki.edu.pl\/index.php?rest_route=%2Fwp%2Fv2%2Fmedia&parent=17"}],"curies":[{"name":"wp","href":"https:\/\/api.w.org\/{rel}","templated":true}]}}