{"id":39,"date":"2011-10-11T18:15:44","date_gmt":"2011-10-11T18:15:44","guid":{"rendered":"http:\/\/slowacki.edu.pl\/jpolski\/?page_id=39"},"modified":"2011-11-21T17:02:49","modified_gmt":"2011-11-21T17:02:49","slug":"partnerzy-i-przyjaciele","status":"publish","type":"page","link":"https:\/\/polski.slowacki.edu.pl\/?page_id=39","title":{"rendered":"Partnerzy i przyjaciele"},"content":{"rendered":"<p><span style=\"font-family: Verdana,Arial,Helvetica,sans-serif; font-size: small;\"><strong>ARTNERZY I PRZYJACIELE EDUKACJI POLONISTYCZNEJ W S\u0141OWAKU<\/strong><\/span><\/p>\n<p><span style=\"font-size: x-small;\">G\u00f3rny \u015al\u0105sk:<\/span><\/p>\n<h1><strong><span style=\"font-family: Verdana,Arial,Helvetica,sans-serif; font-size: x-small;\"> * Teatr Rozrywki Chorz\u00f3w &#8211; Niezwyk\u0142e miejsce uroczystych, rocznicowych koncert\u00f3w Kawiarenki Literackiej, przyg\u00f3d teatralnych &#8220;Chochlika&#8221; i tradycyjnej eukacji teatralnej. Teatr, na kt\u00f3ry w ka\u017cdej sytuacji mo\u017cna liczy\u0107.<br \/>\n<\/span><\/strong><\/h1>\n<h1><strong><span style=\"font-family: Verdana,Arial,Helvetica,sans-serif; font-size: x-small;\">* Teatr \u015al\u0105ski im. Stanis\u0142awa Wyspia\u0144skiego Katowice &#8211; Zaprzyja\u017aniony Teatr, w kt\u00f3rym odby\u0142y si\u0119 pierwsze Gale Kawiarenki Literackiej, obchody rocznicowe Juliusza S\u0142owackiego, wsp\u00f3lne programy zrealizowane przez aktor\u00f3w Teatru i zesp\u00f3\u0142 Kawiarenki. Teatromani ze S\u0142owaka stale s\u0105 obecni na premierach i przedstawieniach \u015al\u0105skiej sceny.<\/span><\/strong><\/h1>\n<h1><strong><span style=\"font-family: Verdana,Arial,Helvetica,sans-serif; font-size: x-small;\"><br \/>\n* Muzeum w Chorzowie &#8211; Plac\u00f3wka muzealna, w kt\u00f3rej chorzowski S\u0142owak z okazji kolejnych rocznic prezentuje sw\u00f3j dorobek dydaktyczny.<\/span><\/strong><\/h1>\n<h1><strong><span style=\"font-family: Verdana,Arial,Helvetica,sans-serif; font-size: x-small;\">*Chorzowskie Centrum Kultury &#8211; Tutaj odbywaj\u0105 si\u0119 systematyczne spotkania z najciekawszymi zjawiskami regionalnej kultury. Uczniowie AZSO od lat na scenie Chorzowskiego Centrum prezentuj\u0105 swoje teatralne realizacji dramat\u00f3w Szekspira w oryginalnej wersji j\u0119zykowej.<\/span><\/strong><\/h1>\n<p>&nbsp;<\/p>\n<h1><strong><span style=\"font-family: Verdana,Arial,Helvetica,sans-serif; font-size: x-small;\"><span style=\"font-family: Verdana, Arial, Helvetica, sans-serif;\">*Teatr Korez &#8211; Tutaj Kawiarenka Literacka zrealizowa\u0142a niezapomniany koncert najstarszego zespo\u0142u &#8220;20 lat hymnu S\u0142owaka&#8221; Ch\u0119tnie przychodzimy do tego Teatru na najciekawsze przedstawienia.\u00a0<\/span><br \/>\n<span style=\"font-family: Verdana, Arial, Helvetica, sans-serif;\"> * Muzeum \u015al\u0105skie w Katowicach &#8211; Udzia\u0142 w edukacji muzealnej i lekcjach muzealnych.<\/span><br \/>\n<\/span><\/strong><\/h1>\n<h1><strong><span style=\"font-family: Verdana,Arial,Helvetica,sans-serif; font-size: x-small;\"><span style=\"font-family: Verdana, Arial, Helvetica, sans-serif;\">*Radio Katowice &#8211; Kolejna pracownia dydaktyczna S\u0142owaka. Bliskie kontakty i sta\u0142y udzia\u0142 w audycjach radiowych &#8211; warsztaty dziennikarskie. <\/span><\/span><\/strong><\/h1>\n<h1><strong><span style=\"font-family: Verdana,Arial,Helvetica,sans-serif; font-size: x-small;\"><span style=\"font-family: Verdana, Arial, Helvetica, sans-serif;\">* Centrum Scenografii w Katowicach &#8211; Doskonalenie edukacji teatralnej<\/span><br \/>\n<span style=\"font-family: Verdana, Arial, Helvetica, sans-serif;\"> * G\u00f3rno\u015bl\u0105ski Park Etnograficzny &#8211; Kawiarenka Literacka nazwa\u0142a ten Park<\/span><em><span style=\"font-family: Verdana, Arial, Helvetica, sans-serif;\"> \u015al\u0105skim Matecznikiem. <\/span><\/em>Karczma, spichlerz, dom so\u0142tysa to magiczne pracownie polonistyczne S\u0142owaka. W pami\u0119ci pozosta\u0142y klasowe wigilie, potyczki historyczne i literackie Mickiewicza ze S\u0142owakiem. Spotkanie Teatru Domowego Stanu Wojennego i lekcje plenerowe.<\/span><\/strong><\/h1>\n<p>&nbsp;<\/p>\n<p>&nbsp;<\/p>\n<p>&nbsp;<\/p>\n<p>&nbsp;<\/p>\n<p>&nbsp;<\/p>\n<p>&nbsp;<\/p>\n<p>&nbsp;<\/p>\n<p><strong><span style=\"font-family: Verdana,Arial,Helvetica,sans-serif; font-size: x-small;\">Polska:<\/span><\/strong><\/p>\n<p>&nbsp;<\/p>\n<p>&nbsp;<\/p>\n<p>&nbsp;<\/p>\n<p>&nbsp;<\/p>\n<p>&nbsp;<\/p>\n<p>&nbsp;<\/p>\n<p>&nbsp;<\/p>\n<p>&nbsp;<\/p>\n<p>&nbsp;<\/p>\n<p>&nbsp;<\/p>\n<p>&nbsp;<\/p>\n<p>&nbsp;<\/p>\n<p>&nbsp;<\/p>\n<p>&nbsp;<\/p>\n<p>&nbsp;<\/p>\n<p>&nbsp;<\/p>\n<p>&nbsp;<\/p>\n<p>&nbsp;<\/p>\n<p>&nbsp;<\/p>\n<p>&nbsp;<\/p>\n<p>&nbsp;<\/p>\n<p>&nbsp;<\/p>\n<p>&nbsp;<\/p>\n<p>&nbsp;<\/p>\n<p>&nbsp;<\/p>\n<p>&nbsp;<\/p>\n<p>&nbsp;<\/p>\n<p>&nbsp;<\/p>\n<p>&nbsp;<\/p>\n<p>&nbsp;<\/p>\n<p>&nbsp;<\/p>\n<p>&nbsp;<\/p>\n<p>&nbsp;<\/p>\n<p>&nbsp;<\/p>\n<p>&nbsp;<\/p>\n<p>&nbsp;<\/p>\n<p>* Nag\u0142owice, J\u0119drzej\u00f3w, Obl\u0119gorek, Czarnolas, Zwole\u0144, Pu\u0142awy, Na\u0142\u0119cz\u00f3w, Bronowice, Tyniec, Niepo\u0142omnice, Krzes\u0142owice, Krak\u00f3w, Wroc\u0142aw, Zakopane (Har\u0119da, Atma, Koliba, Restauracja &#8220;U Wnuka&#8221;, Pustelnia Brata Alberta &#8211; Muzea Literackie, do kt\u00f3rych docieraj\u0105 uczniowie S\u0142owaka, w\u0119druj\u0105cy \u015bladami arcydzie\u0142 Literatury Polskiej.<\/p>\n<p>&nbsp;<\/p>\n<p><strong><span style=\"font-family: Verdana,Arial,Helvetica,sans-serif; font-size: x-small;\">* Jama Michalika Krak\u00f3w &#8211; Miejsce lekcji teatralnych: \u00a0<\/span><\/strong><strong><span style=\"font-family: Verdana,Arial,Helvetica,sans-serif; font-size: x-small;\">w kr\u0119gu &#8220;Zielonego Balonika&#8221; i &#8220;\u015aladami cyganerii artystycznej M\u0142odej\u00a0<\/span><\/strong><strong><span style=\"font-family: Verdana,Arial,Helvetica,sans-serif; font-size: x-small;\">Polski&#8221;.<\/span><\/strong><\/p>\n<p>&nbsp;<\/p>\n<p>&nbsp;<\/p>\n<p>&nbsp;<\/p>\n<p><strong><span style=\"font-family: Verdana,Arial,Helvetica,sans-serif; font-size: x-small;\">* Wroc\u0142awski Kalambur &#8211; Kultowa kawiarnia artystyczna Wroc\u0142awia, miejsce spotka\u0144 i mini koncert\u00f3w Kawiarenki Literackiej.<br \/>\n<\/span><\/strong><\/p>\n<p>&nbsp;<\/p>\n<p>&nbsp;<\/p>\n<p>&nbsp;<\/p>\n<p><strong><span style=\"font-family: Verdana,Arial,Helvetica,sans-serif; font-size: x-small;\">* Piwnica pod Baranami Krak\u00f3w &#8211; Niezapomnany koncert Kawiarenki na zaproszenie Piotra Skrzyneckiego.\u00a0<\/span><\/strong><strong><span style=\"font-family: Verdana,Arial,Helvetica,sans-serif; font-size: x-small;\">*Herbaciarnia &#8220;U Dziwisza&#8221; w Kazimierzu Dolnym nad Wis\u0142\u0105 &#8211; Kolejna tradycyjna pracownia polonistyczna. Kultowe miejsce spotka\u0144 cyganerii artystycznej ze S\u0142owaka i uczestnik\u00f3w syntez maturalnych, a ostatnio prezentacji maturalnych w literackich plenerach.\u00a0<\/span><\/strong><\/p>\n<p>&nbsp;<\/p>\n<p>&nbsp;<\/p>\n<p>&nbsp;<\/p>\n<p><strong><span style=\"font-family: Verdana,Arial,Helvetica,sans-serif; font-size: x-small;\">* Kawiarnia Pa\u0142acowa Na\u0142\u0119cz\u00f3w Schronisko &#8220;Pod Wianuszkami&#8221; &#8211; Baza wypadowa polonistycznych w\u0119drowa\u0144. Schronisko, kt\u00f3re od 20 lat go\u015bci m\u0142odzie\u017c ze S\u0142owaka.<\/span><\/strong><\/p>\n<p>&nbsp;<\/p>\n<p>&nbsp;<\/p>\n<p>&nbsp;<\/p>\n<p><strong><span style=\"font-family: Verdana,Arial,Helvetica,sans-serif; font-size: x-small;\">\u015awiat:<\/span><\/strong><\/p>\n<p><strong><span style=\"font-family: Verdana,Arial,Helvetica,sans-serif; font-size: x-small;\"> * Zaolzie (Republika Czeska), Jab\u0142onk\u00f3w, Czeski Cieszyn, Bystrzyca<br \/>\n* Europejska Rodzina Szk\u00f3\u0142 \u015arednich im. Juliusza S\u0142owackiego Czechy-Polska-Szkocja-Ukraina<br \/>\n* Ukraina Zbara\u017c, Krzemieniec, Wi\u015bnowic, Lw\u00f3w<br \/>\n* Miasta W\u0142oskiego Renesansu<br \/>\n* Tybet<br \/>\n* Nepal<br \/>\n* Indie<br \/>\n* Pary\u017c<\/span><\/strong><\/p>\n<p>&nbsp;<\/p>\n<p>&nbsp;<\/p>\n<p>&nbsp;<\/p>\n<p>&nbsp;<\/p>\n<p>&nbsp;<\/p>\n<p>&nbsp;<\/p>\n<p>&nbsp;<\/p>\n<p>&nbsp;<\/p>\n<p>&nbsp;<\/p>\n<p>&nbsp;<\/p>\n<p>&nbsp;<\/p>\n<p>&nbsp;<\/p>\n<p>&nbsp;<\/p>\n<p>&nbsp;<\/p>\n<p>&nbsp;<\/p>\n<p>&nbsp;<\/p>\n<p>&nbsp;<\/p>\n<p>&nbsp;<\/p>\n<p>&nbsp;<\/p>\n<p>&nbsp;<\/p>\n<p>&nbsp;<\/p>\n<p>&nbsp;<\/p>\n<p>&nbsp;<\/p>\n<p>&nbsp;<\/p>\n<p>&nbsp;<\/p>\n<p>&nbsp;<\/p>\n<p>&nbsp;<\/p>\n<p>&nbsp;<\/p>\n<p>&nbsp;<\/p>\n<p>&nbsp;<\/p>\n<p>&nbsp;<\/p>\n<p>&nbsp;<\/p>\n<p>&nbsp;<\/p>\n<p>&nbsp;<\/p>\n<p>&nbsp;<\/p>\n<p>&nbsp;<\/p>\n<p>&nbsp;<\/p>\n<p>&nbsp;<\/p>\n<p>&nbsp;<\/p>\n<p>&nbsp;<\/p>\n<p>&nbsp;<\/p>\n<p>&nbsp;<\/p>\n<p>&nbsp;<\/p>\n<p>&nbsp;<\/p>\n<p>&nbsp;<\/p>\n<p>&nbsp;<\/p>\n<p>&nbsp;<\/p>\n<p>&nbsp;<\/p>\n<p>&nbsp;<\/p>\n<p>&nbsp;<\/p>\n<p>&nbsp;<\/p>\n<p>&nbsp;<\/p>\n<p>&nbsp;<\/p>\n<p>&nbsp;<\/p>\n<p>&nbsp;<\/p>\n<p>&nbsp;<\/p>\n<p>&nbsp;<\/p>\n<p>&nbsp;<\/p>\n<p>&nbsp;<\/p>\n<p>&nbsp;<\/p>\n<p>&nbsp;<\/p>\n<p>&nbsp;<\/p>\n<p>&nbsp;<\/p>\n<p>&nbsp;<\/p>\n<p>&nbsp;<\/p>\n<p>&nbsp;<\/p>\n<p>&nbsp;<\/p>\n<p>&nbsp;<\/p>\n<p>&nbsp;<\/p>\n<p>&nbsp;<\/p>\n<p>&nbsp;<\/p>\n<p>&nbsp;<\/p>\n<p>&nbsp;<\/p>\n<p>&nbsp;<\/p>\n<p>&nbsp;<\/p>\n<p>&nbsp;<\/p>\n<p>&nbsp;<\/p>\n<p>&nbsp;<\/p>\n<p>&nbsp;<\/p>\n<p>&nbsp;<\/p>\n<p>&nbsp;<\/p>\n<p>&nbsp;<\/p>\n<p>&nbsp;<\/p>\n<p>&nbsp;<\/p>\n<p>&nbsp;<\/p>\n<p>&nbsp;<\/p>\n<p>&nbsp;<\/p>\n<p>&nbsp;<\/p>\n<p>&nbsp;<\/p>\n<p>&nbsp;<\/p>\n<p>&nbsp;<\/p>\n<p>&nbsp;<\/p>\n<p>&nbsp;<\/p>\n<p>&nbsp;<\/p>\n<p>&nbsp;<\/p>\n<p>&nbsp;<\/p>\n<p>&nbsp;<\/p>\n<p>&nbsp;<\/p>\n<p>&nbsp;<\/p>\n<p>&nbsp;<\/p>\n<p>&nbsp;<\/p>\n<p>&nbsp;<\/p>\n<p>&nbsp;<\/p>\n<p>&nbsp;<\/p>\n<p>&nbsp;<\/p>\n<p>&nbsp;<\/p>\n<p>&nbsp;<\/p>\n<p>&nbsp;<\/p>\n<p>&nbsp;<\/p>\n<p>&nbsp;<\/p>\n<p>&nbsp;<\/p>\n<p>&nbsp;<\/p>\n<p>&nbsp;<\/p>\n<p>&nbsp;<\/p>\n<p>&nbsp;<\/p>\n<p>&nbsp;<\/p>\n<p>&nbsp;<\/p>\n<p>&nbsp;<\/p>\n<p>&nbsp;<\/p>\n<p>&nbsp;<\/p>\n<p>&nbsp;<\/p>\n<p>&nbsp;<\/p>\n<p>&nbsp;<\/p>\n<p>&nbsp;<\/p>\n<p>&nbsp;<\/p>\n<p>&nbsp;<\/p>\n<p>&nbsp;<\/p>\n<p>&nbsp;<\/p>\n<p>&nbsp;<\/p>\n<p>&nbsp;<\/p>\n<p>&nbsp;<\/p>\n<p>&nbsp;<\/p>\n<p>&nbsp;<\/p>\n<p>&nbsp;<\/p>\n<p>&nbsp;<\/p>\n<p>&nbsp;<\/p>\n<p>&nbsp;<\/p>\n<p>&nbsp;<\/p>\n<p>&nbsp;<\/p>\n<p>&nbsp;<\/p>\n<p>&nbsp;<\/p>\n<p>&nbsp;<\/p>\n<p>&nbsp;<\/p>\n<p>&nbsp;<\/p>\n<p>&nbsp;<\/p>\n<p>&nbsp;<\/p>\n<p>&nbsp;<\/p>\n<p>&nbsp;<\/p>\n<p>&nbsp;<\/p>\n<p>&nbsp;<\/p>\n<p>&nbsp;<\/p>\n<p>&nbsp;<\/p>\n<p>&nbsp;<\/p>\n<p>&nbsp;<\/p>\n<p>&nbsp;<\/p>\n<p>&nbsp;<\/p>\n<p>&nbsp;<\/p>\n<p>&nbsp;<\/p>\n<p>&nbsp;<\/p>\n<p>&nbsp;<\/p>\n<p>&nbsp;<\/p>\n<p>&nbsp;<\/p>\n<p>&nbsp;<\/p>\n<p>&nbsp;<\/p>\n<p>&nbsp;<\/p>\n<p>&nbsp;<\/p>\n<p>&nbsp;<\/p>\n<p>&nbsp;<\/p>\n<p>&nbsp;<\/p>\n<p>&nbsp;<\/p>\n","protected":false},"excerpt":{"rendered":"<p>ARTNERZY I PRZYJACIELE EDUKACJI POLONISTYCZNEJ W S\u0141OWAKU G\u00f3rny \u015al\u0105sk: * Teatr Rozrywki Chorz\u00f3w &#8211; Niezwyk\u0142e miejsce uroczystych, rocznicowych koncert\u00f3w Kawiarenki Literackiej, przyg\u00f3d teatralnych &#8220;Chochlika&#8221; i tradycyjnej eukacji teatralnej. Teatr, na kt\u00f3ry w ka\u017cdej sytuacji mo\u017cna liczy\u0107. * Teatr \u015al\u0105ski im. Stanis\u0142awa Wyspia\u0144skiego Katowice &#8211; Zaprzyja\u017aniony Teatr, w kt\u00f3rym odby\u0142y si\u0119 pierwsze Gale Kawiarenki Literackiej, obchody<a class=\"rmore\" href=\"https:\/\/polski.slowacki.edu.pl\/?page_id=39\">&nbsp;&nbsp; Read More &#8230;<\/a><\/p>\n","protected":false},"author":1,"featured_media":0,"parent":0,"menu_order":6,"comment_status":"open","ping_status":"open","template":"","meta":{"ngg_post_thumbnail":0},"_links":{"self":[{"href":"https:\/\/polski.slowacki.edu.pl\/index.php?rest_route=\/wp\/v2\/pages\/39"}],"collection":[{"href":"https:\/\/polski.slowacki.edu.pl\/index.php?rest_route=\/wp\/v2\/pages"}],"about":[{"href":"https:\/\/polski.slowacki.edu.pl\/index.php?rest_route=\/wp\/v2\/types\/page"}],"author":[{"embeddable":true,"href":"https:\/\/polski.slowacki.edu.pl\/index.php?rest_route=\/wp\/v2\/users\/1"}],"replies":[{"embeddable":true,"href":"https:\/\/polski.slowacki.edu.pl\/index.php?rest_route=%2Fwp%2Fv2%2Fcomments&post=39"}],"version-history":[{"count":8,"href":"https:\/\/polski.slowacki.edu.pl\/index.php?rest_route=\/wp\/v2\/pages\/39\/revisions"}],"predecessor-version":[{"id":43,"href":"https:\/\/polski.slowacki.edu.pl\/index.php?rest_route=\/wp\/v2\/pages\/39\/revisions\/43"}],"wp:attachment":[{"href":"https:\/\/polski.slowacki.edu.pl\/index.php?rest_route=%2Fwp%2Fv2%2Fmedia&parent=39"}],"curies":[{"name":"wp","href":"https:\/\/api.w.org\/{rel}","templated":true}]}}