{"id":64,"date":"2011-10-11T20:07:03","date_gmt":"2011-10-11T20:07:03","guid":{"rendered":"http:\/\/slowacki.edu.pl\/jpolski\/?page_id=64"},"modified":"2011-10-11T20:17:44","modified_gmt":"2011-10-11T20:17:44","slug":"krzemieniec","status":"publish","type":"page","link":"https:\/\/polski.slowacki.edu.pl\/?page_id=64","title":{"rendered":"Galeria"},"content":{"rendered":"<div class=\"ngg-albumoverview\">\n            <div class=\"ngg-album-compact\">\n            <div class=\"ngg-album-compactbox\">\n                <div class=\"ngg-album-link\">\n                                        <a title='Krzemieniec 2011 - \\&quot;Sad\u017amy przyjacielu r\u00f3\u017ce\\&quot;'\n                       href='https:\/\/polski.slowacki.edu.pl\/index.php\/nggallery\/krzemieniec-2011-2\/krzemieniec-2011-sadzmy-przyjacielu-roze?page_id=64'>\n                        <img class=\"Thumb\"\n                             alt=\"Krzemieniec 2011 - \\&quot;Sad\u017amy przyjacielu r\u00f3\u017ce\\&quot;\"\n                             src=\"https:\/\/polski.slowacki.edu.pl\/wp-content\/gallery\/galeria\/cache\/DSC05270.jpg-nggid0238-ngg0dyn-240x160x100-00f0w010c011r110f110r010t010.jpg\"\/>\n                    <\/a>\n                                    <\/div>\n            <\/div>\n                        <h4>\n                <a class='ngg-album-desc' title='Krzemieniec 2011 - \\&quot;Sad\u017amy przyjacielu r\u00f3\u017ce\\&quot;'\n                       href='https:\/\/polski.slowacki.edu.pl\/index.php\/nggallery\/krzemieniec-2011-2\/krzemieniec-2011-sadzmy-przyjacielu-roze?page_id=64'style=\"max-width: 260px\">Krzemieniec 2011 - \\&quot;Sad\u017amy przyjacielu r\u00f3\u017ce\\&quot;<\/a>\n            <\/h4>\n            <p class=\"ngg-album-gallery-image-counter\">\n                                    <strong>38<\/strong>&nbsp;Photos                            <\/p>\n        <\/div>\n        <br class=\"ngg-clear\"\/>\n    <div class='ngg-clear'><\/div><\/div>\n","protected":false},"excerpt":{"rendered":"","protected":false},"author":1,"featured_media":0,"parent":0,"menu_order":22,"comment_status":"open","ping_status":"open","template":"","meta":{"ngg_post_thumbnail":0},"_links":{"self":[{"href":"https:\/\/polski.slowacki.edu.pl\/index.php?rest_route=\/wp\/v2\/pages\/64"}],"collection":[{"href":"https:\/\/polski.slowacki.edu.pl\/index.php?rest_route=\/wp\/v2\/pages"}],"about":[{"href":"https:\/\/polski.slowacki.edu.pl\/index.php?rest_route=\/wp\/v2\/types\/page"}],"author":[{"embeddable":true,"href":"https:\/\/polski.slowacki.edu.pl\/index.php?rest_route=\/wp\/v2\/users\/1"}],"replies":[{"embeddable":true,"href":"https:\/\/polski.slowacki.edu.pl\/index.php?rest_route=%2Fwp%2Fv2%2Fcomments&post=64"}],"version-history":[{"count":7,"href":"https:\/\/polski.slowacki.edu.pl\/index.php?rest_route=\/wp\/v2\/pages\/64\/revisions"}],"predecessor-version":[{"id":71,"href":"https:\/\/polski.slowacki.edu.pl\/index.php?rest_route=\/wp\/v2\/pages\/64\/revisions\/71"}],"wp:attachment":[{"href":"https:\/\/polski.slowacki.edu.pl\/index.php?rest_route=%2Fwp%2Fv2%2Fmedia&parent=64"}],"curies":[{"name":"wp","href":"https:\/\/api.w.org\/{rel}","templated":true}]}}